{"id":992,"date":"2018-12-16T16:04:56","date_gmt":"2018-12-16T15:04:56","guid":{"rendered":"http:\/\/pbszentrum.de\/?page_id=992"},"modified":"2020-11-10T00:21:03","modified_gmt":"2020-11-09T23:21:03","slug":"kursleiter-in-fuer-autogenes-training","status":"publish","type":"page","link":"https:\/\/pbszentrum.de\/index.php\/kursleiter-in-fuer-autogenes-training\/","title":{"rendered":"Kursleiter\/in f\u00fcr autogenes Training nach Prof. J.H. Schultz"},"content":{"rendered":"<div class=\"flex_column av_one_half  flex_column_div av-zero-column-padding first  avia-builder-el-0  avia-builder-el-no-sibling  \" style='border-radius:0px; '><p><div  style='padding-bottom:10px; ' class='av-special-heading av-special-heading-h1  blockquote modern-quote  avia-builder-el-1  el_before_av_textblock  avia-builder-el-first  '><h1 class='av-special-heading-tag '  itemprop=\"headline\"  >Kursleiter\/in f\u00fcr autogenes Training nach Prof. J.H. Schultz<\/h1><div class='special-heading-border'><div class='special-heading-inner-border' ><\/div><\/div><\/div><br \/>\n<section class=\"av_textblock_section \"  itemscope=\"itemscope\" itemtype=\"https:\/\/schema.org\/CreativeWork\" ><div class='avia_textblock  '   itemprop=\"text\" ><p>Das Autogene Training ist in unserer heutigen mit Stress beladenen Zeit zu einem wichtigen Bestandteil geworden. Viele Menschen sind heute nicht mehr in der Lage sich richtig zu entspannen und zu konzentrieren. Sie kommen nicht mehr zur Ruhe und finden oftmals nicht mehr zu sich selbst. Schlafst\u00f6rungen, Ersch\u00f6pfungszust\u00e4nde und Leistungsabfall bis hin zu Depressionen k\u00f6nnen die Folge sein. Das Autogene Training ist eine konzentrative Methode, die es erlaubt die Lebensqualit\u00e4t erheblich zu verbessern.<\/p>\n<p>Inhalt der Ausbildung:<\/p>\n<ul>\n<li>Entstehung des AT<\/li>\n<li>Einsatzm\u00f6glichkeiten eines Kursleiters\/in<\/li>\n<li>Psychologische und Physiologische Grundlagen des AT`s<\/li>\n<li>Aufbau der Grund- und Oberstufe<\/li>\n<li>Entspannungstechniken werden vorgestellt und einge\u00fcbt<\/li>\n<li>Bildung formelhafter Vors\u00e4tze<\/li>\n<li>Gestaltung und Durchf\u00fchrung eines Kurses<\/li>\n<li>Stunden-Aufbau<\/li>\n<\/ul>\n<p>\u00dcbungen werden ausprobiert und von den zuk\u00fcnftigen Kursleiter\/innen angeleitet. Ziel dieser Ausbildung ist es, die Teilnehmer so auszubilden, dass sie \u00fcber ein fundiertes Wissen und \u00fcber eine F\u00e4higkeit verf\u00fcgen um Autogenes Training erfolgreich zu lehren.\u00a0<\/p>\n<p>F\u00fcr die Ausbildung sind ca. 45 Stunden vorgesehen. Beginn der Ausbildung bitte erfragen.<\/p>\n<p>Kosten: \u20ac 830,00\/p.P. inkl. Unterlagen, Zertifikat, Getr\u00e4nke f\u00fcr die Pausen und kleine Snacks.<\/p>\n<p>Info unter: 07021-486182 oder per Mail pbszentrum@t-online.de<\/p>\n<\/div><\/section><\/p><\/div>\n","protected":false},"excerpt":{"rendered":"","protected":false},"author":2,"featured_media":0,"parent":0,"menu_order":0,"comment_status":"closed","ping_status":"closed","template":"","meta":{"footnotes":""},"class_list":["post-992","page","type-page","status-publish","hentry"],"_links":{"self":[{"href":"https:\/\/pbszentrum.de\/index.php\/wp-json\/wp\/v2\/pages\/992"}],"collection":[{"href":"https:\/\/pbszentrum.de\/index.php\/wp-json\/wp\/v2\/pages"}],"about":[{"href":"https:\/\/pbszentrum.de\/index.php\/wp-json\/wp\/v2\/types\/page"}],"author":[{"embeddable":true,"href":"https:\/\/pbszentrum.de\/index.php\/wp-json\/wp\/v2\/users\/2"}],"replies":[{"embeddable":true,"href":"https:\/\/pbszentrum.de\/index.php\/wp-json\/wp\/v2\/comments?post=992"}],"version-history":[{"count":3,"href":"https:\/\/pbszentrum.de\/index.php\/wp-json\/wp\/v2\/pages\/992\/revisions"}],"predecessor-version":[{"id":1216,"href":"https:\/\/pbszentrum.de\/index.php\/wp-json\/wp\/v2\/pages\/992\/revisions\/1216"}],"wp:attachment":[{"href":"https:\/\/pbszentrum.de\/index.php\/wp-json\/wp\/v2\/media?parent=992"}],"curies":[{"name":"wp","href":"https:\/\/api.w.org\/{rel}","templated":true}]}}