{"id":7,"date":"2018-04-09T21:55:37","date_gmt":"2018-04-09T19:55:37","guid":{"rendered":"http:\/\/bunz-consulting.de\/index.php\/one-page-express\/"},"modified":"2025-12-25T22:34:03","modified_gmt":"2025-12-25T21:34:03","slug":"one-page-express","status":"publish","type":"page","link":"https:\/\/pbszentrum.de\/index.php\/one-page-express\/","title":{"rendered":"\u00dcber mich"},"content":{"rendered":"<div class=\"flex_column av_one_full  flex_column_div av-zero-column-padding first  avia-builder-el-0  el_before_av_one_third  avia-builder-el-first  \" style='border-radius:0px; '><p><div  style='padding-bottom:10px; ' class='av-special-heading av-special-heading-h1 custom-color-heading blockquote modern-quote  avia-builder-el-1  el_before_av_heading  avia-builder-el-first  '><h1 class='av-special-heading-tag '  itemprop=\"headline\"  >Psychologisches Beratungs- und Seminarzentrum<\/h1><div class='special-heading-border'><div class='special-heading-inner-border' ><\/div><\/div><\/div><br \/>\n<div  style='padding-bottom:10px; color:#83a846;' class='av-special-heading av-special-heading-h3 custom-color-heading blockquote modern-quote  avia-builder-el-2  el_after_av_heading  avia-builder-el-last  '><h3 class='av-special-heading-tag '  itemprop=\"headline\"  >Herzlich Willkommen, you welcome!<\/h3><div class='special-heading-border'><div class='special-heading-inner-border' style='border-color:#83a846'><\/div><\/div><\/div><\/p><\/div>\n<div class=\"flex_column av_one_third  flex_column_div av-zero-column-padding first  avia-builder-el-3  el_after_av_one_full  el_before_av_two_third  column-top-margin\" style='border-radius:0px; '><div  class='avia-image-container avia_animated_image avia_animate_when_almost_visible left-to-right av-styling-  noHover  av-overlay-on-hover   avia-builder-el-4  avia-builder-el-no-sibling  avia-align-center '  itemprop=\"image\" itemscope=\"itemscope\" itemtype=\"https:\/\/schema.org\/ImageObject\"  ><div class='avia-image-container-inner'><div class='avia-image-overlay-wrap'><div class='av-image-caption-overlay'><div class='av-caption-image-overlay-bg' style='opacity:0.4; background-color:#000000; '><\/div><div class='av-image-caption-overlay-position'><div class='av-image-caption-overlay-center' style='color:#ffffff; '><p>Paul K\u00fcfer<\/p>\n<\/div><\/div><\/div><img decoding=\"async\" class='wp-image-1487 avia-img-lazy-loading-not-1487 avia_image' src=\"https:\/\/pbszentrum.de\/wp-content\/uploads\/2021\/06\/Paul-Kuefer-PBS-80x80.jpg\" alt='PBS Zentrum Paul K\u00fcfer' title='Paul K\u00fcfer' height=\"80\" width=\"80\"  itemprop=\"thumbnailUrl\" srcset=\"https:\/\/pbszentrum.de\/wp-content\/uploads\/2021\/06\/Paul-Kuefer-PBS-80x80.jpg 80w, https:\/\/pbszentrum.de\/wp-content\/uploads\/2021\/06\/Paul-Kuefer-PBS-36x36.jpg 36w, https:\/\/pbszentrum.de\/wp-content\/uploads\/2021\/06\/Paul-Kuefer-PBS-180x180.jpg 180w\" sizes=\"(max-width: 80px) 100vw, 80px\" \/><\/div><\/div><\/div><\/div><div class=\"flex_column av_two_third  flex_column_div av-zero-column-padding   avia-builder-el-5  el_after_av_one_third  avia-builder-el-last  column-top-margin\" style='border-radius:0px; '><section class=\"av_textblock_section \"  itemscope=\"itemscope\" itemtype=\"https:\/\/schema.org\/CreativeWork\" ><div class='avia_textblock  '   itemprop=\"text\" ><blockquote>\n<p>Mein Name ist Paul K\u00fcfer, ich bin Psychologischer Berater, Mentaltrainer, Hypnotherapeut sowie Kursleiter f\u00fcr Autogenes Training. Seit mehr als 35 Jahren gebe ich Menschen u.a. in Beratungen, Kursen und Seminaren Hilfe zur Selbsthilfe.<\/p>\n<p>Seit 2006 leite ich das PBS-Zentrum in Kirchheim\/ Teck. Zusammen mit meinem Team habe ich ein vollst\u00e4ndiges Programm f\u00fcr die Bereiche Beratung, Entspannung und Pr\u00e4vention zusammengestellt.<\/p>\n<p>\u00a0<\/p>\n<\/blockquote>\n<\/div><\/section><\/div><\/p>\n","protected":false},"excerpt":{"rendered":"","protected":false},"author":1,"featured_media":1487,"parent":0,"menu_order":0,"comment_status":"closed","ping_status":"closed","template":"","meta":{"footnotes":""},"class_list":["post-7","page","type-page","status-publish","has-post-thumbnail","hentry"],"_links":{"self":[{"href":"https:\/\/pbszentrum.de\/index.php\/wp-json\/wp\/v2\/pages\/7"}],"collection":[{"href":"https:\/\/pbszentrum.de\/index.php\/wp-json\/wp\/v2\/pages"}],"about":[{"href":"https:\/\/pbszentrum.de\/index.php\/wp-json\/wp\/v2\/types\/page"}],"author":[{"embeddable":true,"href":"https:\/\/pbszentrum.de\/index.php\/wp-json\/wp\/v2\/users\/1"}],"replies":[{"embeddable":true,"href":"https:\/\/pbszentrum.de\/index.php\/wp-json\/wp\/v2\/comments?post=7"}],"version-history":[{"count":54,"href":"https:\/\/pbszentrum.de\/index.php\/wp-json\/wp\/v2\/pages\/7\/revisions"}],"predecessor-version":[{"id":1825,"href":"https:\/\/pbszentrum.de\/index.php\/wp-json\/wp\/v2\/pages\/7\/revisions\/1825"}],"wp:featuredmedia":[{"embeddable":true,"href":"https:\/\/pbszentrum.de\/index.php\/wp-json\/wp\/v2\/media\/1487"}],"wp:attachment":[{"href":"https:\/\/pbszentrum.de\/index.php\/wp-json\/wp\/v2\/media?parent=7"}],"curies":[{"name":"wp","href":"https:\/\/api.w.org\/{rel}","templated":true}]}}