{"id":51,"date":"2018-04-12T17:33:29","date_gmt":"2018-04-12T15:33:29","guid":{"rendered":"http:\/\/bunz-consulting.de\/?page_id=51"},"modified":"2021-02-26T16:00:03","modified_gmt":"2021-02-26T15:00:03","slug":"seminare","status":"publish","type":"page","link":"https:\/\/pbszentrum.de\/index.php\/seminare\/","title":{"rendered":"Seminare"},"content":{"rendered":"<div class=\"flex_column av_three_fifth  flex_column_div av-zero-column-padding first  avia-builder-el-0  avia-builder-el-no-sibling  \" style='border-radius:0px; '><p><div  style='padding-bottom:10px; ' class='av-special-heading av-special-heading-h1  blockquote modern-quote  avia-builder-el-1  el_before_av_textblock  avia-builder-el-first  '><h1 class='av-special-heading-tag '  itemprop=\"headline\"  >Seminare<\/h1><div class='special-heading-border'><div class='special-heading-inner-border' ><\/div><\/div><\/div><br \/>\n<section class=\"av_textblock_section \"  itemscope=\"itemscope\" itemtype=\"https:\/\/schema.org\/CreativeWork\" ><div class='avia_textblock  '   itemprop=\"text\" ><p>Gesetz der Resonanz und Anziehung.<\/p>\n<p>Wir alle k\u00f6nnen unser Leben ver\u00e4ndern! Unsere Herzintelligenz mit seiner Ausstrahlung die weitaus mehr ist als der unserer Gedanken. Wir interagieren mit allem und alles interagiert mit uns. Finde heraus was Deine innerste \u00dcberzeugung ist und Du hast den Schl\u00fcssel f\u00fcr Dein Leben in der Hand. Wir sind nur die Sch\u00f6pfer! Wenn Du sein m\u00f6chtest was Du immer sein wolltest, wer m\u00f6chtest Du gerne sein?&nbsp;<\/p>\n<p>Andere Menschen k\u00f6nnen sich dem Schwingungsfeld nicht verweigern, wenn sie mit unserer erzeugten Frequenz in Resonanz treten.<\/p>\n<p>Eine wichtige Entdeckung des 20. Jahrhunderts ist die Tatsache, dass das menschliche Herz viel mehr macht als nur das Blut im K\u00f6rper zu pumpen. Federf\u00fchrend f\u00fcr solche Entdeckungen war das Heart Math &nbsp;Institut in Kalifornien, welches einmal das Herz genauer unter die Lupe nahm.<\/p>\n<p>Herz Koh\u00e4renz<br \/>\nDazu schauen wir uns die Koh\u00e4renz (Einklang) des Herzens mal genauer an. Denn daf\u00fcr gibt es einige gravierende Beispiele, auch welche Gebiete wir mit der Koh\u00e4renz beeinflussen k\u00f6nnen.<\/p>\n<p>Die Ausstrahlungen und die Folgen der Herzfrequenz haben ja einige Teilnehmer schon erfahren d\u00fcrfen und viele meiner Klienten auch.<\/p>\n<p>Inhalt dieses Seminars:<br \/>\n\u2022&nbsp;&nbsp;&nbsp;&nbsp;&nbsp;&nbsp;&nbsp;&nbsp;Wie erzeuge ich f\u00fcr mich pers\u00f6nlich ein Resonanzfeld<br \/>\n\u2022&nbsp;&nbsp;&nbsp;&nbsp;&nbsp;&nbsp;&nbsp;&nbsp;Das Gesetz der Resonanz<br \/>\n\u2022&nbsp;&nbsp;&nbsp;&nbsp;&nbsp;&nbsp;&nbsp;&nbsp;Die Anziehung<br \/>\n\u2022&nbsp;&nbsp;&nbsp;&nbsp;&nbsp;&nbsp;&nbsp;&nbsp;Das Erf\u00fchlen des Resonanzfeldes<br \/>\n\u2022&nbsp;&nbsp;&nbsp;&nbsp;&nbsp;&nbsp;&nbsp;&nbsp;Die Herzfrequenz in Einklang\/Koh\u00e4renz bringen<br \/>\n\u2022&nbsp;&nbsp;&nbsp;&nbsp;&nbsp;&nbsp;&nbsp;&nbsp;Was mach ich falsch, dass sich mein Wunsch nicht erf\u00fcllt?<br \/>\n\u2022&nbsp;&nbsp;&nbsp;&nbsp;&nbsp;&nbsp;&nbsp;&nbsp;Erfolgsprotokolle anlegen<br \/>\n\u2022&nbsp;&nbsp;&nbsp;&nbsp;&nbsp;&nbsp;&nbsp;&nbsp;Erwartungen und deren Wirkung<\/p>\n<p>In den Pausen gibt es Kaffee, Wasser, Tee und Kuchen.<br \/>\nTermine im Veranstaltungskalender!<\/p>\n<\/div><\/section><\/p><\/div>\n","protected":false},"excerpt":{"rendered":"","protected":false},"author":2,"featured_media":0,"parent":0,"menu_order":0,"comment_status":"closed","ping_status":"closed","template":"","meta":{"footnotes":""},"class_list":["post-51","page","type-page","status-publish","hentry"],"_links":{"self":[{"href":"https:\/\/pbszentrum.de\/index.php\/wp-json\/wp\/v2\/pages\/51"}],"collection":[{"href":"https:\/\/pbszentrum.de\/index.php\/wp-json\/wp\/v2\/pages"}],"about":[{"href":"https:\/\/pbszentrum.de\/index.php\/wp-json\/wp\/v2\/types\/page"}],"author":[{"embeddable":true,"href":"https:\/\/pbszentrum.de\/index.php\/wp-json\/wp\/v2\/users\/2"}],"replies":[{"embeddable":true,"href":"https:\/\/pbszentrum.de\/index.php\/wp-json\/wp\/v2\/comments?post=51"}],"version-history":[{"count":11,"href":"https:\/\/pbszentrum.de\/index.php\/wp-json\/wp\/v2\/pages\/51\/revisions"}],"predecessor-version":[{"id":1436,"href":"https:\/\/pbszentrum.de\/index.php\/wp-json\/wp\/v2\/pages\/51\/revisions\/1436"}],"wp:attachment":[{"href":"https:\/\/pbszentrum.de\/index.php\/wp-json\/wp\/v2\/media?parent=51"}],"curies":[{"name":"wp","href":"https:\/\/api.w.org\/{rel}","templated":true}]}}