{"id":1293,"date":"2020-11-12T19:38:55","date_gmt":"2020-11-12T18:38:55","guid":{"rendered":"https:\/\/pbszentrum.de\/?page_id=1293"},"modified":"2023-03-03T13:43:23","modified_gmt":"2023-03-03T12:43:23","slug":"startseite","status":"publish","type":"page","link":"https:\/\/pbszentrum.de\/","title":{"rendered":"Startseite"},"content":{"rendered":"<div id='av_section_1'  class='avia-section main_color avia-section-default avia-shadow  avia-bg-style-scroll  avia-builder-el-0  el_before_av_one_third  avia-builder-el-first   container_wrap fullsize' style='background-color: #f7f7f7;  '  ><div class='container' ><main  role=\"main\" itemprop=\"mainContentOfPage\"  class='template-page content  av-content-full alpha units'><div class='post-entry post-entry-type-page post-entry-1293'><div class='entry-content-wrapper clearfix'>\n<div class=\"flex_column av_two_fifth  flex_column_div av-zero-column-padding first  avia-builder-el-1  el_before_av_one_fifth  avia-builder-el-first  \" style='border-radius:0px; '><p><div  style='padding-bottom:10px; ' class='av-special-heading av-special-heading-h1  blockquote modern-quote modern-centered  avia-builder-el-2  el_before_av_hr  avia-builder-el-first  '><h1 class='av-special-heading-tag '  itemprop=\"headline\"  >PBS Gesundheitszentrum<\/h1><div class ='av-subheading av-subheading_below  ' style='font-size:24px;'><p>Psychologische Beratung, Pr\u00e4ventionskurse und Ausbildungen<\/p>\n<\/div><div class='special-heading-border'><div class='special-heading-inner-border' ><\/div><\/div><\/div><br \/>\n<div  style=' margin-top:50px; margin-bottom:30px;'  class='hr hr-custom hr-center hr-icon-no   avia-builder-el-3  el_after_av_heading  el_before_av_textblock '><span class='hr-inner  inner-border-av-border-fat' style=' width:90px; border-color:#67a800;' ><span class='hr-inner-style'><\/span><\/span><\/div><br \/>\n<section class=\"av_textblock_section  av-small-hide av-mini-hide\"  itemscope=\"itemscope\" itemtype=\"https:\/\/schema.org\/CreativeWork\" ><div class='avia_textblock  '   itemprop=\"text\" ><p>Unser Herz liegt in unserer <a href=\"https:\/\/pbszentrum.de\/index.php\/psychologische-beratung\/\"><strong>Psychologischen Beratung<\/strong> <\/a>dazu geh\u00f6rt auch:<\/p>\n<ul>\n<li>Depressive Verstimmung, \u00c4ngste, Depressionen, Schuldgef\u00fchle und Verhaltensst\u00f6rungen<\/li>\n<li>Partnerschafts- ,Eheprobleme und Trennung<\/li>\n<li>Verarbeitung von belastenden Erfahrungen<\/li>\n<li>Krisenintervention, Opferberatung, Mobbingberatung<\/li>\n<\/ul>\n<\/div><\/section><\/p><\/div><div class=\"flex_column av_one_fifth  flex_column_div av-zero-column-padding   avia-builder-el-5  el_after_av_two_fifth  el_before_av_two_fifth  \" style='border-radius:0px; '><\/div><div class=\"flex_column av_two_fifth  flex_column_div   avia-builder-el-6  el_after_av_one_fifth  el_before_av_hr  \" style='border-width:3px; border-color:#83a846; border-style:solid; box-shadow: 0 0 15px 0 #83a846; -webkit-transform: scale(1.1); -ms-transform: scale(1.1); transform: scale(1.1); z-index: 4;padding:5px 5px 0px 5px ; border-radius:0px; '><div  class='avia-icon-list-container   avia-builder-el-7  avia-builder-el-no-sibling '><ul class='avia-icon-list avia-icon-list-left av-iconlist-big avia_animate_when_almost_visible avia-iconlist-animate'>\n<li><div  style='color:#83a846; ' class='iconlist_icon  avia-font-entypo-fontello'><span class='iconlist-char ' aria-hidden='true' data-av_icon='\ue862' data-av_iconfont='entypo-fontello'><\/span><\/div><article class=\"article-icon-entry \"  itemscope=\"itemscope\" itemtype=\"https:\/\/schema.org\/CreativeWork\" ><div class='iconlist_content_wrap'><header class=\"entry-content-header\"><h4 class='av_iconlist_title iconlist_title   '  itemprop=\"headline\"   style='font-size:17px; '><a href='https:\/\/pbszentrum.de\/index.php\/psychologische-beratung\/' title='Schnelle Hilfe in Krisensituationen'>Schnelle Hilfe in Krisensituationen<\/a><\/h4><\/header><div class='iconlist_content  '  itemprop=\"text\"  ><p>Entgegen den meisten Psychologen und Therapeuten ist unsere psychologische Beratung zeitnah verf\u00fcgbar.<\/p>\n<\/div><\/div><footer class=\"entry-footer\"><\/footer><\/article><div class='iconlist-timeline'><\/div><\/li>\n<li><div  style='color:#83a846; ' class='iconlist_icon  avia-font-entypo-fontello'><span class='iconlist-char ' aria-hidden='true' data-av_icon='\ue80b' data-av_iconfont='entypo-fontello'><\/span><\/div><article class=\"article-icon-entry \"  itemscope=\"itemscope\" itemtype=\"https:\/\/schema.org\/CreativeWork\" ><div class='iconlist_content_wrap'><header class=\"entry-content-header\"><h4 class='av_iconlist_title iconlist_title   '  itemprop=\"headline\"   style='font-size:17px; '><a href='https:\/\/pbszentrum.de\/index.php\/psychologische-beratung\/' title='Psychologischer Support f\u00fcr Arbeitgeber und -nehmer'>Psychologischer Support f\u00fcr Arbeitgeber und -nehmer<\/a><\/h4><\/header><div class='iconlist_content  '  itemprop=\"text\"  ><p>Wir steigern die Lebens- und Arbeitsqualit\u00e4t in Firmen durch 24\/7 Beratung.<\/p>\n<\/div><\/div><footer class=\"entry-footer\"><\/footer><\/article><div class='iconlist-timeline'><\/div><\/li>\n<li><div  style='color:#83a846; ' class='iconlist_icon  avia-font-entypo-fontello'><span class='iconlist-char ' aria-hidden='true' data-av_icon='\ue8c9' data-av_iconfont='entypo-fontello'><\/span><\/div><article class=\"article-icon-entry \"  itemscope=\"itemscope\" itemtype=\"https:\/\/schema.org\/CreativeWork\" ><div class='iconlist_content_wrap'><header class=\"entry-content-header\"><h4 class='av_iconlist_title iconlist_title   '  itemprop=\"headline\"   style='font-size:17px; '><a href='https:\/\/pbszentrum.de\/index.php\/ausbildungen\/' title='Anerkannte Ausbildungen'>Anerkannte Ausbildungen<\/a><\/h4><\/header><div class='iconlist_content  '  itemprop=\"text\"  ><p>Ausbildung zum Psychologische\/r Berater\/in und Kursleiter\/in f\u00fcr autogenes Training nach Prof. J.H. Schultz<\/p>\n<\/div><\/div><footer class=\"entry-footer\"><\/footer><\/article><div class='iconlist-timeline'><\/div><\/li>\n<\/ul><\/div><\/div><div   class='hr hr-full hr-shadow   avia-builder-el-8  el_after_av_two_fifth  avia-builder-el-last '><span class='hr-inner ' ><span class='hr-inner-style'><\/span><\/span><\/div>\n<\/div><\/div><\/main><!-- close content main element --><\/div><\/div><div id='after_section_1'  class='main_color av_default_container_wrap container_wrap fullsize' style=' '  ><div class='container' ><div class='template-page content  av-content-full alpha units'><div class='post-entry post-entry-type-page post-entry-1293'><div class='entry-content-wrapper clearfix'><div class=\"flex_column av_one_third  flex_column_div av-zero-column-padding first  avia-builder-el-9  el_after_av_section  el_before_av_two_third  avia-builder-el-first  \" style='border-radius:0px; '><section class=\"av_textblock_section \"  itemscope=\"itemscope\" itemtype=\"https:\/\/schema.org\/CreativeWork\" ><div class='avia_textblock  '   itemprop=\"text\" ><h3>Kontakt<\/h3>\n<p>PBSZentrum &#8211; Paul K\u00fcfer<\/p>\n<p>Widerholtplatz 2<\/p>\n<p>73230 Kirchheim<\/p>\n<p>Tel. 0 70 21 &#8211; 48 61 82<\/p>\n<p>E-Mail <a href=\"mailto:pbszentrum@t-online.de\" target=\"_blank\" rel=\"noopener\">pbszentrum@t-online.de<\/a><\/p>\n<\/div><\/section><\/div><\/p>\n<div class=\"flex_column av_two_third  flex_column_div av-zero-column-padding   avia-builder-el-11  el_after_av_one_third  el_before_av_hr  \" style='border-radius:0px; '><div  class='av_gmaps_sc_main_wrap av_gmaps_main_wrap '><div id='av_gmap_0' class='avia-google-map-container avia-google-map-sc av_gmaps_show_unconditionally av-no-fallback-img ' data-mapid='av_gmap_0'  style='height: 400px;'><a class=\"av_gmaps_browser_disabled av_text_confirm_link av_text_confirm_link_visible\" href=\"https:\/\/www.google.com\/maps\/search\/?api=1&#038;query=Widerholtplatz%202%2073230%20Kirchheim%20Baden-W\u00fcrttemberg%20Deutschland\" target=\"_blank\" rel=\"noopener\">Aufgrund deiner Datenschutz-Einstellungen k\u00f6nnen wir Ihnen die Karte nicht anzeigen. Klicken Sie hier, um die Karte in einem neuen Fenster zu \u00f6ffnen.<\/a><\/div><\/div><\/div>\n<div   class='hr hr-default   avia-builder-el-13  el_after_av_two_third  el_before_av_section  avia-builder-el-last '><span class='hr-inner ' ><span class='hr-inner-style'><\/span><\/span><\/div>\n<\/div><\/div><\/div><!-- close content main div --><\/div><\/div><div id='av_section_2'  class='avia-section main_color avia-section-default avia-shadow  avia-bg-style-fixed  avia-builder-el-14  el_after_av_hr  el_before_av_section   container_wrap fullsize' style='background-color: #d6d6d6;  '  ><div class='container' ><div class='template-page content  av-content-full alpha units'><div class='post-entry post-entry-type-page post-entry-1293'><div class='entry-content-wrapper clearfix'>\n<div class=\"flex_column av_one_third  av-animated-generic fade-in  flex_column_div av-zero-column-padding first  avia-builder-el-15  el_before_av_one_third  avia-builder-el-first  \" style='border-radius:0px; '><article  class=\"iconbox iconbox_left    avia-builder-el-16  avia-builder-el-no-sibling  \"  itemscope=\"itemscope\" itemtype=\"https:\/\/schema.org\/CreativeWork\" ><div class=\"iconbox_content\"><header class=\"entry-content-header\"><div class=\"iconbox_icon heading-color\" aria-hidden='true' data-av_icon='\ue83f' data-av_iconfont='entypo-fontello'  ><\/div><h3 class='iconbox_content_title  '  itemprop=\"headline\"  ><a href='https:\/\/pbszentrum.de\/index.php\/angebote\/' title='Angebote'  >Angebote<\/a><\/h3><\/header><div class='iconbox_content_container  '  itemprop=\"text\"  ><p>Klassische Massagen, Schr\u00f6pfmassagen bis zur Triggerpunktbehandlung.<\/p>\n<\/div><\/div><footer class=\"entry-footer\"><\/footer><\/article><\/div><div class=\"flex_column av_one_third  av-animated-generic fade-in  flex_column_div   avia-builder-el-17  el_after_av_one_third  el_before_av_one_third  \" style='background: rgba(204,204,204,0.48); box-shadow: 0 0 10px 0 rgba(193,193,193,0.41); padding:6px; background-color:rgba(204,204,204,0.48); border-radius:0px; '><article  class=\"iconbox iconbox_left    avia-builder-el-18  avia-builder-el-no-sibling  \"  itemscope=\"itemscope\" itemtype=\"https:\/\/schema.org\/CreativeWork\" ><div class=\"iconbox_content\"><header class=\"entry-content-header\"><div class=\"iconbox_icon heading-color\" aria-hidden='true' data-av_icon='\ue806' data-av_iconfont='entypo-fontello'  ><\/div><h3 class='iconbox_content_title  '  itemprop=\"headline\"  ><a href='https:\/\/pbszentrum.de\/index.php\/praeventionskurse\/' title='Meditation, Yoga und Autogenes Training'  >Meditation, Yoga und Autogenes Training<\/a><\/h3><\/header><div class='iconbox_content_container  '  itemprop=\"text\"  ><p>Machen Sie bei unseren <a href=\"https:\/\/pbszentrum.de\/index.php\/meditationen\/\" target=\"_blank\" rel=\"noopener\">Meditationen<\/a> oder den Kursen <a href=\"https:\/\/pbszentrum.de\/index.php\/autogenes-training-entstehung\/\" target=\"_blank\" rel=\"noopener\">Autogenes Training<\/a> und <a href=\"https:\/\/pbszentrum.de\/index.php\/yoga\/\">Yoga<\/a> mit.<\/p>\n<\/div><\/div><footer class=\"entry-footer\"><\/footer><\/article><\/div><div class=\"flex_column av_one_third  av-animated-generic fade-in  flex_column_div av-zero-column-padding   avia-builder-el-19  el_after_av_one_third  avia-builder-el-last  \" style='border-radius:0px; '><article  class=\"iconbox iconbox_left    avia-builder-el-20  avia-builder-el-no-sibling  \"  itemscope=\"itemscope\" itemtype=\"https:\/\/schema.org\/CreativeWork\" ><div class=\"iconbox_content\"><header class=\"entry-content-header\"><div class=\"iconbox_icon heading-color\" aria-hidden='true' data-av_icon='\ue8c9' data-av_iconfont='entypo-fontello'  ><\/div><h3 class='iconbox_content_title  '  itemprop=\"headline\"  >Ausbildung, Seminare und Workshops<\/h3><\/header><div class='iconbox_content_container  '  itemprop=\"text\"  ><p>Unsere geschulten Dozenten bieten anerkannte Ausbildungen, Seminare und Workshops.<br \/>\nVom psychologischen Berater\/in als Ausbildung, bis hin zu Workshops zur Pers\u00f6nlichkeitsentwicklung.<\/p>\n<\/div><\/div><footer class=\"entry-footer\"><\/footer><\/article><\/div>\n\n<\/div><\/div><\/div><!-- close content main div --><\/div><\/div><div id='av_section_3'  class='avia-section main_color avia-section-default avia-shadow  avia-bg-style-scroll  avia-builder-el-21  el_after_av_section  el_before_av_hr   container_wrap fullsize' style=' '  ><div class='container' ><div class='template-page content  av-content-full alpha units'><div class='post-entry post-entry-type-page post-entry-1293'><div class='entry-content-wrapper clearfix'>\n<div class=\"flex_column av_one_third  flex_column_div av-zero-column-padding first  avia-builder-el-22  el_before_av_one_third  avia-builder-el-first  \" style='border-radius:0px; '><div  style='padding-bottom:10px; font-size:30px;' class='av-special-heading av-special-heading-h3  blockquote modern-quote  avia-builder-el-23  avia-builder-el-no-sibling  av-inherit-size '><h3 class='av-special-heading-tag '  itemprop=\"headline\"  >Unsere Partner<\/h3><div class='special-heading-border'><div class='special-heading-inner-border' ><\/div><\/div><\/div><\/div><div class=\"flex_column av_one_third  flex_column_div av-zero-column-padding   avia-builder-el-24  el_after_av_one_third  el_before_av_one_third  \" style='border-radius:0px; '><\/div><div class=\"flex_column av_one_third  flex_column_div av-zero-column-padding   avia-builder-el-25  el_after_av_one_third  el_before_av_one_third  \" style='border-radius:0px; '><\/div><div class=\"flex_column av_one_third  av-animated-generic left-to-right  flex_column_div av-zero-column-padding first  avia-builder-el-26  el_after_av_one_third  el_before_av_one_third  column-top-margin\" style='border-radius:0px; '><div  class='avia-image-container  av-styling-    avia-builder-el-27  avia-builder-el-no-sibling  avia-align-center '  itemprop=\"image\" itemscope=\"itemscope\" itemtype=\"https:\/\/schema.org\/ImageObject\"  ><div class='avia-image-container-inner'><div class='avia-image-overlay-wrap'><img decoding=\"async\" class='wp-image-670 avia-img-lazy-loading-not-670 avia_image' src=\"https:\/\/pbszentrum.de\/wp-content\/uploads\/2018\/05\/dak_logo.png\" alt='' title='dak_logo' height=\"150\" width=\"250\"  itemprop=\"thumbnailUrl\"  \/><\/div><\/div><\/div><\/div><div class=\"flex_column av_one_third  av-animated-generic left-to-right  flex_column_div av-zero-column-padding   avia-builder-el-28  el_after_av_one_third  el_before_av_one_third  column-top-margin\" style='border-radius:0px; '><div  class='avia-image-container  av-styling-    avia-builder-el-29  avia-builder-el-no-sibling  avia-align-center '  itemprop=\"image\" itemscope=\"itemscope\" itemtype=\"https:\/\/schema.org\/ImageObject\"  ><div class='avia-image-container-inner'><div class='avia-image-overlay-wrap'><img decoding=\"async\" class='wp-image-1360 avia-img-lazy-loading-not-1360 avia_image' src=\"https:\/\/pbszentrum.de\/wp-content\/uploads\/2020\/11\/KKH-Logo-Gross-e1606428450973.jpg\" alt='KKH Kaufm\u00e4nnische Krankenkasse' title='KKH Kaufm\u00e4nnische Krankenkasse' height=\"619\" width=\"1809\"  itemprop=\"thumbnailUrl\" srcset=\"https:\/\/pbszentrum.de\/wp-content\/uploads\/2020\/11\/KKH-Logo-Gross-e1606428450973.jpg 1809w, https:\/\/pbszentrum.de\/wp-content\/uploads\/2020\/11\/KKH-Logo-Gross-e1606428450973-300x103.jpg 300w, https:\/\/pbszentrum.de\/wp-content\/uploads\/2020\/11\/KKH-Logo-Gross-e1606428450973-1030x352.jpg 1030w, https:\/\/pbszentrum.de\/wp-content\/uploads\/2020\/11\/KKH-Logo-Gross-e1606428450973-768x263.jpg 768w, https:\/\/pbszentrum.de\/wp-content\/uploads\/2020\/11\/KKH-Logo-Gross-e1606428450973-1536x526.jpg 1536w, https:\/\/pbszentrum.de\/wp-content\/uploads\/2020\/11\/KKH-Logo-Gross-e1606428450973-1500x513.jpg 1500w, https:\/\/pbszentrum.de\/wp-content\/uploads\/2020\/11\/KKH-Logo-Gross-e1606428450973-705x241.jpg 705w\" sizes=\"(max-width: 1809px) 100vw, 1809px\" \/><\/div><\/div><\/div><\/div><div class=\"flex_column av_one_third  av-animated-generic left-to-right  flex_column_div av-zero-column-padding   avia-builder-el-30  el_after_av_one_third  avia-builder-el-last  column-top-margin\" style='border-radius:0px; '><div  class='avia-image-container  av-styling-    avia-builder-el-31  avia-builder-el-no-sibling  avia-align-center '  itemprop=\"image\" itemscope=\"itemscope\" itemtype=\"https:\/\/schema.org\/ImageObject\"  ><div class='avia-image-container-inner'><div class='avia-image-overlay-wrap'><img decoding=\"async\" class='wp-image-669 avia-img-lazy-loading-not-669 avia_image' src=\"https:\/\/pbszentrum.de\/wp-content\/uploads\/2018\/05\/bkk_scheufelelen_logo.png\" alt='' title='bkk_scheufelelen_logo' height=\"138\" width=\"364\"  itemprop=\"thumbnailUrl\" srcset=\"https:\/\/pbszentrum.de\/wp-content\/uploads\/2018\/05\/bkk_scheufelelen_logo.png 364w, https:\/\/pbszentrum.de\/wp-content\/uploads\/2018\/05\/bkk_scheufelelen_logo-300x114.png 300w\" sizes=\"(max-width: 364px) 100vw, 364px\" \/><\/div><\/div><\/div><\/div>\n<\/div><\/div><\/div><!-- close content main div --><\/div><\/div><div id='after_section_3'  class='main_color av_default_container_wrap container_wrap fullsize' style=' '  ><div class='container' ><div class='template-page content  av-content-full alpha units'><div class='post-entry post-entry-type-page post-entry-1293'><div class='entry-content-wrapper clearfix'>\n<div   class='hr hr-default   avia-builder-el-32  el_after_av_section  avia-builder-el-no-sibling '><span class='hr-inner ' ><span class='hr-inner-style'><\/span><\/span><\/div>\n","protected":false},"excerpt":{"rendered":"","protected":false},"author":2,"featured_media":0,"parent":0,"menu_order":0,"comment_status":"closed","ping_status":"closed","template":"","meta":{"footnotes":""},"class_list":["post-1293","page","type-page","status-publish","hentry"],"_links":{"self":[{"href":"https:\/\/pbszentrum.de\/index.php\/wp-json\/wp\/v2\/pages\/1293"}],"collection":[{"href":"https:\/\/pbszentrum.de\/index.php\/wp-json\/wp\/v2\/pages"}],"about":[{"href":"https:\/\/pbszentrum.de\/index.php\/wp-json\/wp\/v2\/types\/page"}],"author":[{"embeddable":true,"href":"https:\/\/pbszentrum.de\/index.php\/wp-json\/wp\/v2\/users\/2"}],"replies":[{"embeddable":true,"href":"https:\/\/pbszentrum.de\/index.php\/wp-json\/wp\/v2\/comments?post=1293"}],"version-history":[{"count":65,"href":"https:\/\/pbszentrum.de\/index.php\/wp-json\/wp\/v2\/pages\/1293\/revisions"}],"predecessor-version":[{"id":1718,"href":"https:\/\/pbszentrum.de\/index.php\/wp-json\/wp\/v2\/pages\/1293\/revisions\/1718"}],"wp:attachment":[{"href":"https:\/\/pbszentrum.de\/index.php\/wp-json\/wp\/v2\/media?parent=1293"}],"curies":[{"name":"wp","href":"https:\/\/api.w.org\/{rel}","templated":true}]}}