{"id":1235,"date":"2020-11-10T21:32:03","date_gmt":"2020-11-10T20:32:03","guid":{"rendered":"https:\/\/pbszentrum.de\/?page_id=1235"},"modified":"2024-10-29T18:36:47","modified_gmt":"2024-10-29T17:36:47","slug":"yoga","status":"publish","type":"page","link":"https:\/\/pbszentrum.de\/index.php\/yoga\/","title":{"rendered":"Yoga"},"content":{"rendered":"<div id='av_section_1'  class='avia-section main_color avia-section-default avia-no-border-styling  av-parallax-section avia-bg-style-parallax  avia-builder-el-0  el_before_av_section  avia-builder-el-first   av-minimum-height av-minimum-height-35  container_wrap fullsize' style=' '  data-section-bg-repeat='no-repeat' data-av_minimum_height_pc='35'><div class='av-parallax' data-avia-parallax-ratio='0.3' ><div class='av-parallax-inner main_color  avia-full-stretch' style = 'background-repeat: no-repeat; background-image: url(https:\/\/pbszentrum.de\/wp-content\/uploads\/2024\/07\/jay-castor-7AcMUSYRZpU-unsplash-1210x423.jpg);background-attachment: scroll; background-position: center center; ' ><\/div><\/div><div class='container' ><main  role=\"main\" itemprop=\"mainContentOfPage\"  class='template-page content  av-content-full alpha units'><div class='post-entry post-entry-type-page post-entry-1235'><div class='entry-content-wrapper clearfix'>\n<div class=\"flex_column av_one_fourth  flex_column_div av-zero-column-padding first  avia-builder-el-1  el_before_av_one_half  avia-builder-el-first  \" style='border-radius:0px; '><\/div><div class=\"flex_column av_one_half  flex_column_div av-zero-column-padding   avia-builder-el-2  el_after_av_one_fourth  el_before_av_one_fourth  \" style='border-radius:0px; '><\/div><div class=\"flex_column av_one_fourth  flex_column_div av-zero-column-padding   avia-builder-el-3  el_after_av_one_half  avia-builder-el-last  \" style='border-radius:0px; '><\/div>\n\n<\/div><\/div><\/main><!-- close content main element --><\/div><\/div><div id='av_section_2'  class='avia-section main_color avia-section-default avia-no-border-styling  avia-bg-style-scroll  avia-builder-el-4  el_after_av_section  avia-builder-el-last   container_wrap fullsize' style=' '  ><div class='container' ><div class='template-page content  av-content-full alpha units'><div class='post-entry post-entry-type-page post-entry-1235'><div class='entry-content-wrapper clearfix'>\n<div class=\"flex_column av_one_fifth  flex_column_div av-zero-column-padding first  avia-builder-el-5  el_before_av_three_fifth  avia-builder-el-first  \" style='border-radius:0px; '><\/div><div class=\"flex_column av_three_fifth  flex_column_div av-zero-column-padding   avia-builder-el-6  el_after_av_one_fifth  el_before_av_one_fifth  \" style='border-radius:0px; '><div  style='padding-bottom:10px; ' class='av-special-heading av-special-heading-h1  blockquote modern-quote  avia-builder-el-7  avia-builder-el-no-sibling  '><h1 class='av-special-heading-tag '  itemprop=\"headline\"  >Yoga &#8211; Seminar<\/h1><div class='special-heading-border'><div class='special-heading-inner-border' ><\/div><\/div><\/div><\/div><div class=\"flex_column av_one_fifth  flex_column_div av-zero-column-padding   avia-builder-el-8  el_after_av_three_fifth  el_before_av_one_fifth  \" style='border-radius:0px; '><\/div><div class=\"flex_column av_one_fifth  flex_column_div av-zero-column-padding first  avia-builder-el-9  el_after_av_one_fifth  el_before_av_three_fifth  column-top-margin\" style='border-radius:0px; '><\/div><div class=\"flex_column av_three_fifth  flex_column_div av-zero-column-padding   avia-builder-el-10  el_after_av_one_fifth  el_before_av_one_fifth  column-top-margin\" style='border-radius:0px; '><p><section class=\"av_textblock_section \"  itemscope=\"itemscope\" itemtype=\"https:\/\/schema.org\/CreativeWork\" ><div class='avia_textblock  '   itemprop=\"text\" ><p>Ich lade euch herzlich zu meinem neuen Yoga-Seminar ein! Gemeinsam werden wir K\u00f6rper und Geist in Einklang bringen. Egal ob Anf\u00e4nger oder Fortgeschrittene.<\/p>\n<p><strong>Seminar Leitung <\/strong><br \/>\nAriane Kaden, Yoga Lehrerin<\/p>\n<\/div><\/section><br \/>\n<div  class='avia-table main_color avia-pricing-table-container  avia_pricing_default   avia-builder-el-12  el_after_av_textblock  el_before_av_icon_box  avia-table-1'  itemscope=\"itemscope\" itemtype=\"https:\/\/schema.org\/Table\" ><div class='pricing-table-wrap'><ul class='pricing-table '><li class='avia-heading-row'><div class='first-table-item'>Uhrzeit<br \/><\/div><span class='pricing-extra'><\/span><\/li><li class=''>10.00 &#8211; 17.00Uhr (inkl. Pausen)<\/li><li class=''>17.11.2024<\/li><\/ul><\/div><\/div><br \/>\n<article  class=\"iconbox iconbox_left    avia-builder-el-13  el_after_av_table  el_before_av_textblock  av-icon-style-no-border\"  itemscope=\"itemscope\" itemtype=\"https:\/\/schema.org\/CreativeWork\" ><div class=\"iconbox_content\"><header class=\"entry-content-header\"><div class=\"iconbox_icon heading-color\" aria-hidden='true' data-av_icon='\ue812' data-av_iconfont='entypo-fontello'  style='background-color:#075e54; color:#25d366; ' ><\/div><h3 class='iconbox_content_title  '  itemprop=\"headline\"  >Anmeldung:<\/h3><\/header><div class='iconbox_content_container  '  itemprop=\"text\"   style='font-size:16px; '><p>Einmalige Kosten pro Person: 150\u20ac<\/p>\n<p><strong>Buchen \u00fcber:<\/strong><\/p>\n<p>E-Mail<br \/>\npbszentrum@t-online.de<\/p>\n<p>Tel.<br \/>\n0151-22380088<\/p>\n<\/div><\/div><footer class=\"entry-footer\"><\/footer><\/article><br \/>\n<section class=\"av_textblock_section \"  itemscope=\"itemscope\" itemtype=\"https:\/\/schema.org\/CreativeWork\" ><div class='avia_textblock  '   itemprop=\"text\" ><h2>Atemtechniken<\/h2>\n<p style=\"text-align: left;\">Pranayama ist eine Sammlung von Atemtechniken im Yoga, die darauf abzielen, die Lebensenergie (Prana) durch bewusste Atemkontrolle zu regulieren und zu vertiefen.\u00a0Diese Techniken k\u00f6nnen helfen, K\u00f6rper und Geist zu harmonisieren, Stress abzubauen und die allgemeine Gesundheit zu f\u00f6rdern<\/p>\n<\/div><\/section><br \/>\n<section class=\"av_textblock_section \"  itemscope=\"itemscope\" itemtype=\"https:\/\/schema.org\/CreativeWork\" ><div class='avia_textblock  '   itemprop=\"text\" ><ul>\n<li><strong>Purna Atmung<\/strong> (Vollst\u00e4ndige Yoga Atmung)<\/li>\n<li><strong>Bhramari Atmung<\/strong> (Bienenton-Atem)<\/li>\n<li><strong>Anuloma Viloma<\/strong> (Wechselatmung)<\/li>\n<\/ul>\n<\/div><\/section><br \/>\n<section class=\"av_textblock_section \"  itemscope=\"itemscope\" itemtype=\"https:\/\/schema.org\/CreativeWork\" ><div class='avia_textblock  '   itemprop=\"text\" ><h2>Chakren und Energiearbeit<\/h2>\n<p>Energiearbeit umfasst verschiedene Methoden und Techniken, die darauf abzielen, den Energiefluss im K\u00f6rper zu harmonisieren.\u00a0Diese Praktiken k\u00f6nnen k\u00f6rperliche, emotionale und seelische Beschwerden lindern und das allgemeine Wohlbefinden steigern<\/p>\n<\/div><\/section><br \/>\n<section class=\"av_textblock_section \"  itemscope=\"itemscope\" itemtype=\"https:\/\/schema.org\/CreativeWork\" ><div class='avia_textblock  '   itemprop=\"text\" ><p>Es gibt viele verschiedene Formen der Energiearbeit, darunter:<\/p>\n<ol>\n<li><strong><span style=\"color: #ff0000;\">Chakra-Balancing (Seminar-Thema)<\/span><\/strong>: Hierbei werden die Energiezentren des K\u00f6rpers (Chakren) ausgeglichen, um den Energiefluss zu verbessern.<\/li>\n<li><strong>Aura-Reinigung<\/strong>: Diese Methode zielt darauf ab, das Energiefeld, das den K\u00f6rper umgibt, zu reinigen und zu st\u00e4rken.<\/li>\n<li><strong>Akupunktur<\/strong>: Eine traditionelle chinesische Methode, bei der feine Nadeln in bestimmte Punkte des K\u00f6rpers eingef\u00fchrt werden, um den Energiefluss zu regulieren.<\/li>\n<\/ol>\n<h3>Wirkung der Energiearbeit<\/h3>\n<p>Energiearbeit kann auf vielf\u00e4ltige Weise wirken:<\/p>\n<ul>\n<li><strong>L\u00f6sen von Blockaden<\/strong>: Energiearbeit kann helfen, energetische Blockaden zu l\u00f6sen, die das Wohlbefinden beeintr\u00e4chtigen.<\/li>\n<li><strong>F\u00f6rderung der Selbstheilungskr\u00e4fte<\/strong>: Durch die Harmonisierung des Energieflusses werden die nat\u00fcrlichen Selbstheilungskr\u00e4fte des K\u00f6rpers angeregt.<\/li>\n<li><strong>Emotionale Balance<\/strong>: Energiearbeit kann helfen, emotionale Ungleichgewichte zu korrigieren und ein Gef\u00fchl von Frieden und Ruhe zu f\u00f6rdern<\/li>\n<\/ul>\n<\/div><\/section><\/p><\/div><div class=\"flex_column av_one_fifth  flex_column_div av-zero-column-padding   avia-builder-el-18  el_after_av_three_fifth  avia-builder-el-last  column-top-margin\" style='border-radius:0px; '><\/div>\n","protected":false},"excerpt":{"rendered":"","protected":false},"author":2,"featured_media":0,"parent":0,"menu_order":0,"comment_status":"closed","ping_status":"closed","template":"","meta":{"footnotes":""},"class_list":["post-1235","page","type-page","status-publish","hentry"],"_links":{"self":[{"href":"https:\/\/pbszentrum.de\/index.php\/wp-json\/wp\/v2\/pages\/1235"}],"collection":[{"href":"https:\/\/pbszentrum.de\/index.php\/wp-json\/wp\/v2\/pages"}],"about":[{"href":"https:\/\/pbszentrum.de\/index.php\/wp-json\/wp\/v2\/types\/page"}],"author":[{"embeddable":true,"href":"https:\/\/pbszentrum.de\/index.php\/wp-json\/wp\/v2\/users\/2"}],"replies":[{"embeddable":true,"href":"https:\/\/pbszentrum.de\/index.php\/wp-json\/wp\/v2\/comments?post=1235"}],"version-history":[{"count":63,"href":"https:\/\/pbszentrum.de\/index.php\/wp-json\/wp\/v2\/pages\/1235\/revisions"}],"predecessor-version":[{"id":1800,"href":"https:\/\/pbszentrum.de\/index.php\/wp-json\/wp\/v2\/pages\/1235\/revisions\/1800"}],"wp:attachment":[{"href":"https:\/\/pbszentrum.de\/index.php\/wp-json\/wp\/v2\/media?parent=1235"}],"curies":[{"name":"wp","href":"https:\/\/api.w.org\/{rel}","templated":true}]}}