{"id":121,"date":"2018-04-16T21:26:42","date_gmt":"2018-04-16T19:26:42","guid":{"rendered":"http:\/\/bunz-consulting.de\/?page_id=121"},"modified":"2025-10-07T14:23:14","modified_gmt":"2025-10-07T12:23:14","slug":"impressum","status":"publish","type":"page","link":"https:\/\/pbszentrum.de\/index.php\/impressum\/","title":{"rendered":"Impressum"},"content":{"rendered":"<p class=\"headline2\"><b><u><span style=\"font-size: 10.5pt; font-family: 'Verdana','sans-serif';\">Verantwortlich nach \u00a7 6 TDG f\u00fcr die Inhalte dieser Internetpr\u00e4senz:<\/span><\/u><\/b><\/p>\n<p class=\"text\">Psychologisches Beratungs- und Seminarzentrum<br \/>\nPaul K\u00fcfer<br \/>\nWiderholtplatz 2<br \/>\n73230 Kirchheim<br \/>\nTelefon 0 70 21-48 61 82<br \/>\nTelefax 0 70 21-48 61 81<br \/>\nEmail:\u00a0<a href=\"mailto:pbszentrum@t-online.de\"><span style=\"color: windowtext;\">PBSzentrum@t-online.de<\/span><\/a><\/p>\n<p class=\"headline2\" style=\"font-variant-ligatures: normal; font-variant-caps: normal; orphans: 2; text-align: start; widows: 2; -webkit-text-stroke-width: 0px; word-spacing: 0px;\"><b><u>Zust\u00e4ndiges Finanzamt:<\/u><\/b><\/p>\n<p class=\"text\">Finanzamt N\u00fcrtingen &#8211; Au\u00dfenstelle Kirchheim<br \/>\nSteuernummer: 74001\/06940<\/p>\n<p class=\"headline2\" style=\"font-variant-ligatures: normal; font-variant-caps: normal; orphans: 2; text-align: start; widows: 2; -webkit-text-stroke-width: 0px; word-spacing: 0px;\"><b><u>Haftungsausschluss<\/u><\/b><\/p>\n<p><strong>1. Haftung f\u00fcr Inhalte<\/strong><\/p>\n<p>Als Diensteanbieter sind wir gem\u00e4\u00df \u00a7 7 Abs.1 TMG f\u00fcr eigene Inhalte auf diesen Seiten nach den; allgemeinen Gesetzen verantwortlich. Nach \u00a7\u00a7 8 bis 10 TMG; sind wir als Dienstanbieter jedoch nicht verpflichtet, \u00fcbermittelte oder gespeicherte<br \/>\nfremde Informationen zu \u00fcberwachen oder nach Umst\u00e4nden zu forschen, die auf eine rechtswidrige T\u00e4tigkeit hinweisen.<br \/>\nVerpflichtungen zur Entfernung oder Sperrung der Nutzung von Informationen nach den allgemeinen Gesetzen bleiben hiervon unber\u00fchrt.<br \/>\nEine diesbez\u00fcgliche Haftung ist jedoch erst ab dem Zeitpunkt der Kenntnis einer konkreten Rechtsverletzung m\u00f6glich. Bei Bekanntwerden von entsprechenden Rechtsverletzungen werden wir diese Inhalte umgehend entfernen.<\/p>\n<p class=\"text\"><strong>2. Haftung f\u00fcr Links und Verweise<\/strong><br \/>\nUnser Angebot enth\u00e4lt Links zu externen Websites Dritter, auf deren Inhalte wir keinen Einfluss haben. Deshalb k\u00f6nnen wir f\u00fcr diese fremden Inhalte auch keine Gew\u00e4hr \u00fcbernehmen. F\u00fcr die Inhalte der verlinkten Seiten ist stets der jeweilige Anbieter oder Betreiber der Seiten verantwortlich. Die verlinkten Seiten wurden zum Zeitpunkt der Verlinkung auf m\u00f6gliche Rechtsverst\u00f6\u00dfe \u00fcberpr\u00fcft. Rechtswidrige Inhalte waren zum Zeitpunkt der Verlinkung nicht erkennbar.<br \/>\nEine permanente inhaltliche Kontrolle der verlinkten Seiten ist jedoch ohne konkrete Anhaltspunkte einer Rechtsverletzung nicht zumutbar. Bei Bekanntwerden von Rechtsverletzungen werden wir derartige Links umgehend entfernen.<\/p>\n<p class=\"text\"><strong>3.Urheberrecht<\/strong><br \/>\nDie durch die Seitenbetreiber erstellten Inhalte und Werke auf diesen Seiten unterliegen dem deutschen Urheberrecht. Die Vervielf\u00e4ltigung, Bearbeitung, Verbreitung und jede Art der Verwertung au\u00dferhalb der Grenzen des Urheberrechtes bed\u00fcrfen der schriftlichen Zustimmung des jeweiligen Autors bzw. Erstellers. Downloads und Kopien dieser Seite sind nur f\u00fcr den privaten, nicht kommerziellen Gebrauch gestattet.<br \/>\nSoweit die Inhalte auf dieser Seite nicht vom Betreiber erstellt wurden, werden die Urheberrechte Dritter beachtet. Insbesondere werden Inhalte Dritter als solche gekennzeichnet. Sollten Sie trotzdem auf eine Urheberrechtsverletzung aufmerksam werden, bitten wir um einen entsprechenden Hinweis. Bei Bekanntwerden von Rechtsverletzungen werden wir derartige Inhalte umgehend entfernen.<\/p>\n<p>Streitschlichtung<br \/>\nDie Europ\u00e4ische Kommission stellt eine Plattform zur Online-Streitbeilegung (OS) bereit:<br \/>\nhttps:\/\/ec.europa.eu\/consumers\/odr<br \/>\nUnsere E-Mail-Adresse finden Sie oben im Impressum.<br \/>\nWir sind nicht bereit oder verpflichtet, an Streitbeilegungsverfahren vor einer Verbraucherschlichtungsstelle teilzunehmen.<\/p>\n","protected":false},"excerpt":{"rendered":"<p>Verantwortlich nach \u00a7 6 TDG f\u00fcr die Inhalte dieser Internetpr\u00e4senz: Psychologisches Beratungs- und Seminarzentrum Paul K\u00fcfer Widerholtplatz 2 73230 Kirchheim Telefon 0 70 21-48 61 82 Telefax 0 70 21-48 61 81 Email:\u00a0PBSzentrum@t-online.de Zust\u00e4ndiges Finanzamt: Finanzamt N\u00fcrtingen &#8211; Au\u00dfenstelle Kirchheim Steuernummer: 74001\/06940 Haftungsausschluss 1. Haftung f\u00fcr Inhalte Als Diensteanbieter sind wir gem\u00e4\u00df \u00a7 7 Abs.1 [&hellip;]<\/p>\n","protected":false},"author":2,"featured_media":0,"parent":0,"menu_order":0,"comment_status":"closed","ping_status":"closed","template":"","meta":{"footnotes":""},"class_list":["post-121","page","type-page","status-publish","hentry"],"_links":{"self":[{"href":"https:\/\/pbszentrum.de\/index.php\/wp-json\/wp\/v2\/pages\/121"}],"collection":[{"href":"https:\/\/pbszentrum.de\/index.php\/wp-json\/wp\/v2\/pages"}],"about":[{"href":"https:\/\/pbszentrum.de\/index.php\/wp-json\/wp\/v2\/types\/page"}],"author":[{"embeddable":true,"href":"https:\/\/pbszentrum.de\/index.php\/wp-json\/wp\/v2\/users\/2"}],"replies":[{"embeddable":true,"href":"https:\/\/pbszentrum.de\/index.php\/wp-json\/wp\/v2\/comments?post=121"}],"version-history":[{"count":15,"href":"https:\/\/pbszentrum.de\/index.php\/wp-json\/wp\/v2\/pages\/121\/revisions"}],"predecessor-version":[{"id":1814,"href":"https:\/\/pbszentrum.de\/index.php\/wp-json\/wp\/v2\/pages\/121\/revisions\/1814"}],"wp:attachment":[{"href":"https:\/\/pbszentrum.de\/index.php\/wp-json\/wp\/v2\/media?parent=121"}],"curies":[{"name":"wp","href":"https:\/\/api.w.org\/{rel}","templated":true}]}}