{"id":1207,"date":"2020-11-09T23:57:11","date_gmt":"2020-11-09T22:57:11","guid":{"rendered":"https:\/\/pbszentrum.de\/?page_id=1207"},"modified":"2021-02-10T19:25:27","modified_gmt":"2021-02-10T18:25:27","slug":"psychologische-beratung","status":"publish","type":"page","link":"https:\/\/pbszentrum.de\/index.php\/psychologische-beratung\/","title":{"rendered":"Psych. Beratung"},"content":{"rendered":"<div class=\"flex_column av_two_third  flex_column_div av-zero-column-padding first  avia-builder-el-0  el_before_av_hr  avia-builder-el-first  \" style='border-radius:0px; '><p><div  style='padding-bottom:10px; ' class='av-special-heading av-special-heading-h1  blockquote modern-quote  avia-builder-el-1  el_before_av_textblock  avia-builder-el-first  '><h1 class='av-special-heading-tag '  itemprop=\"headline\"  >Psychologische Beratung<\/h1><div class='special-heading-border'><div class='special-heading-inner-border' ><\/div><\/div><\/div><br \/>\n<section class=\"av_textblock_section \"  itemscope=\"itemscope\" itemtype=\"https:\/\/schema.org\/CreativeWork\" ><div class='avia_textblock  '   itemprop=\"text\" ><p>Wenn man mit seinen Problemen alleine ist, erscheinen sie oft erdr\u00fcckend und riesig gro\u00df. Beim Reden und Erz\u00e4hlen kann sich manches kl\u00e4ren. Was sind die W\u00fcnsche, die Ziele und wie sieht die Wirklichkeit aus? Manchmal ist schon auf dieser Ebene eine L\u00f6sung durch eine psychologische Beratung m\u00f6glich. Auf alle F\u00e4lle erh\u00e4lt der Ratsuchende Stabilisierung, Unterst\u00fctzung, Anregung und Hilfe zur Selbsthilfe.<\/p>\n<p>Eine psychologische Beratung ist zeitnah verf\u00fcgbar \u2013 die Wartezeiten bei Psychiatern und Psychologen sind oft erheblich. Akademisch ausgebildete Therapeuten denken in Theorien und geh\u00f6ren oft sehr unterschiedlichen Schulen an. Psychologische Beratung ist weniger theoretisch ausgerichtet. Sie bietet oft unmittelbare, praktische und mitf\u00fchlende Hilfe.<\/p>\n<p>Psychologische Beratung setzt dann ein, \u201ewenn es brennt\u201c. Sie ist eher praktische Hilfe und ersetzt in ernsten F\u00e4llen weder eine \u00e4rztliche Behandlung noch eine konventionelle psychotherapeutische Hilfestellung.<\/p>\n<p>Inhalte unserer psychologischen Beratungen:<\/p>\n<ul>\n<li>Partnerschafts- ,Eheprobleme und Trennung<\/li>\n<li>Verarbeitung von belastenden Erfahrungen<\/li>\n<li>Berufliche Schwierigkeiten, Coaching, Neuorientierung<\/li>\n<li>Stressprophylaxe, Entspannungsmethoden<\/li>\n<li>Konfliktmanagement, Kommunikationsf\u00e4higkeit<\/li>\n<li>Krisenintervention, Opferberatung, Mobbingberatung<\/li>\n<li>depressive Verstimmung, \u00c4ngste, Depressionen, Schuldgef\u00fchle und Verhaltensst\u00f6rungen<\/li>\n<\/ul>\n<p>Selbstwertproblematik: Selbstsicherheit, Selbstvertrauen, \u201egesunder\u201c Umgang mit Emotionen, Gef\u00fchlen und Gedanken<\/p>\n<\/div><\/section><\/p><\/div><div   class='hr hr-default   avia-builder-el-3  el_after_av_two_third  el_before_av_two_third '><span class='hr-inner ' ><span class='hr-inner-style'><\/span><\/span><\/div><\/p>\n<div class=\"flex_column av_two_third  flex_column_div av-zero-column-padding first  avia-builder-el-4  el_after_av_hr  avia-builder-el-last  \" style='border-radius:0px; '><p><div  style='padding-bottom:10px; ' class='av-special-heading av-special-heading-h2  blockquote modern-quote  avia-builder-el-5  el_before_av_textblock  avia-builder-el-first  '><h2 class='av-special-heading-tag '  itemprop=\"headline\"  >Psychologische Beratungen f\u00fcr Arbeitgeber und deren Mitarbeiter\/innen<\/h2><div class='special-heading-border'><div class='special-heading-inner-border' ><\/div><\/div><\/div><br \/>\n<section class=\"av_textblock_section \"  itemscope=\"itemscope\" itemtype=\"https:\/\/schema.org\/CreativeWork\" ><div class='avia_textblock  '   itemprop=\"text\" ><p>Das \u00c4rzteblatt schrieb: Krankheitstage haben sich wegen psychischer Probleme verdoppelt und die Kurve steigt immer weiter nach oben. Den finanziellen Ausfall den die Arbeitgeber dadurch erleiden ist immens! Es sind nicht immer berufliche Probleme. Die meisten sind Existenz\u00e4ngste, \u00c4ngste allgemein, Depressionen, Stress, Partnerschaftsprobleme, Burnout u.v.m.<\/p>\n<p>Wir bieten Ihnen ma\u00dfgeschneiderte Angebote z.B. durch unsere 24 h Hotline sind wir immer erreichbar. Tags\u00fcber auch pers\u00f6nlich. Es ist erwiesen, dass solche Ma\u00dfnahmen die Fehlzeiten sinken lassen.<\/p>\n<p>Wir bieten auch Inhouse-Beratungen, Vortr\u00e4ge und Workshops.<\/p>\n<p>\u00a0Fordern Sie ein kostenfreies Angebot an!<\/p>\n<\/div><\/section><\/p><\/div>\n","protected":false},"excerpt":{"rendered":"","protected":false},"author":2,"featured_media":0,"parent":0,"menu_order":0,"comment_status":"closed","ping_status":"closed","template":"","meta":{"footnotes":""},"class_list":["post-1207","page","type-page","status-publish","hentry"],"_links":{"self":[{"href":"https:\/\/pbszentrum.de\/index.php\/wp-json\/wp\/v2\/pages\/1207"}],"collection":[{"href":"https:\/\/pbszentrum.de\/index.php\/wp-json\/wp\/v2\/pages"}],"about":[{"href":"https:\/\/pbszentrum.de\/index.php\/wp-json\/wp\/v2\/types\/page"}],"author":[{"embeddable":true,"href":"https:\/\/pbszentrum.de\/index.php\/wp-json\/wp\/v2\/users\/2"}],"replies":[{"embeddable":true,"href":"https:\/\/pbszentrum.de\/index.php\/wp-json\/wp\/v2\/comments?post=1207"}],"version-history":[{"count":10,"href":"https:\/\/pbszentrum.de\/index.php\/wp-json\/wp\/v2\/pages\/1207\/revisions"}],"predecessor-version":[{"id":1438,"href":"https:\/\/pbszentrum.de\/index.php\/wp-json\/wp\/v2\/pages\/1207\/revisions\/1438"}],"wp:attachment":[{"href":"https:\/\/pbszentrum.de\/index.php\/wp-json\/wp\/v2\/media?parent=1207"}],"curies":[{"name":"wp","href":"https:\/\/api.w.org\/{rel}","templated":true}]}}